{"id":15,"date":"2014-05-02T15:26:03","date_gmt":"2014-05-02T14:26:03","guid":{"rendered":"http:\/\/atelierfilippini.com\/wordpress\/?page_id=15"},"modified":"2025-01-16T11:55:58","modified_gmt":"2025-01-16T10:55:58","slug":"presentation","status":"publish","type":"page","link":"https:\/\/atelierfilippini.com\/?page_id=15","title":{"rendered":"Pr\u00e9sentation"},"content":{"rendered":"<div class=\"wpb_row row-fluid\">\n\t<div class=\"span8 wpb_column column_container\">\n\t\t<div class=\"wpb_wrapper\">\n\t\t\t\n\t<div class=\"wpb_text_column wpb_content_element \">\n\t\t<div class=\"wpb_wrapper\">\n\t\t\t\n<p><strong>HISTOIRE<\/strong><\/p>\n<p>Cr\u00e9\u00e9 dans les ann\u00e9es \u201890, l\u2019Atelier Filippini Architecture et Patrimoine d\u00e9marre son activit\u00e9 en Italie dans le domaine de la restauration et mise en valeur du patrimoine architectural, y compris pour les b\u00e2timents et les sites prot\u00e9g\u00e9s.<\/p>\n<p>Install\u00e9s en France depuis 2003 nous nous sommes sp\u00e9cialis\u00e9s dans la r\u00e9novation\/extension et la construction de b\u00e2timents publics, sur la base de programmes d\u2019\u00e9quipements vari\u00e9s d\u00e9di\u00e9s \u00e0 l\u2019enfance, \u00e0 l&#8217;enseignement, au tertiaire, aux commerces, \u00e0 l&#8217;administratif, au culturel, au logements et \u00e0 l\u2019am\u00e9nagement paysager.<\/p>\n<p>Dans une volont\u00e9 de d\u00e9veloppement professionnel, de transmission de savoir-faire et d\u2019int\u00e9gration d\u2019ancien chef de projet, nous \u00e9voluons en 2023 vers l\u2019agence Filippini &amp; Associ\u00e9s Architectes sarl, en \u00e9largissant notre structure et en modernisant notre m\u00e9thodologie et notre organisation.<\/p>\n<p>Notre objectif quant \u00e0 lui n\u2019a pas chang\u00e9, il est toujours de proposer aux Ma\u00eetres d\u2019Ouvrages, publics comme priv\u00e9s, des solutions architecturales pertinentes et innovantes en inscrivant les projets dans une approche environnementale raisonn\u00e9e et cela d\u00e8s la phase de conception.<\/p>\n\n\t\t<\/div> \n\t<\/div> <div class=\"td_block_wrap td_text_with_title \"><div class=\"block-title\"><span><\/span><\/div><div class=\"td_block_inner\">\n<p><strong>PHILOSOPHIE<\/strong><\/p>\n<p>Atelier d&#8217;Architecture \u00e0 dimension humaine avec une \u00e9quipe pluridisciplinaire, nos valeurs soci\u00e9tales nous am\u00e8ne \u00e0 intervenir sur des op\u00e9rations de taille et d\u2019envergure vari\u00e9es, de la grande op\u00e9ration publique \u00e0 la maison d\u2019architecte. L\u2019important pour nous est de pouvoir exprimer notre cr\u00e9ativit\u00e9 dans l\u2019objectif de la satisfaction finale du client.<\/p>\n<p>Ainsi, proposer un ouvrage taill\u00e9 sur mesure est notre priorit\u00e9. Chaque projet est unique et entra\u00eene une r\u00e9flexion sp\u00e9cifique sur l&#8217;usage, la spatialit\u00e9, la conception structurelle, la mat\u00e9rialit\u00e9 et l\u2019am\u00e9nagement paysager, afin d&#8217;offrir un \u00e9difice quelle que soit sa taille, ses caract\u00e9ristiques et son implantation g\u00e9ographique.<\/p>\n<p>De mani\u00e8re plus g\u00e9n\u00e9rale, et gr\u00e2ce \u00e0 notre exp\u00e9rience de 30 ans fond\u00e9e sur la connaissance approfondie des techniques constructives anciennes et contemporaines, nous apportons une expertise solide dans les domaines de la r\u00e9habilitation\/restauration comme dans la construction du futur patrimoine architectural rural et urbain.<br \/>\n\u00c9paul\u00e9s par des bureaux d\u2019\u00e9tudes partenaires, nous proposons toujours des \u00e9quipes pluridisciplinaires comp\u00e9tentes et motiv\u00e9es.<\/p>\n<p>Ma\u00eetres d\u2019\u0152uvre exigeants, notre sensibilit\u00e9 nous am\u00e8ne a travailler les d\u00e9tails architecturaux jusqu\u2019\u00e0 leurs meilleurs proportions et nous privil\u00e9gions syst\u00e9matiquement le travail artisanal de qualit\u00e9. Notre regard pragmatique sur les contraintes techniques et \u00e9conomiques ainsi que sur l\u2019optimisation des conditions de maintenance, est indispensable pour construire ensemble un patrimoine \u00e9cologique et durable.<\/p>\n<div class=\"td_block_wrap td_text_with_title \"><div class=\"block-title\"><span><\/span><\/div><\/div>\n<p><strong>ADN ENVIRONNEMENTAL<\/strong><\/p>\n<p>Notre d\u00e9marche environnementale av\u00e9r\u00e9e depuis des d\u00e9cennies remonte \u00e0 nos \u00e9tudes sp\u00e9cifiques sur le solaire passif et la ventilation naturelle des exp\u00e9riences am\u00e9ricaines et europ\u00e9ennes d\u00e9velopp\u00e9es dans les ann\u00e9es 70&#8242;.<\/p>\n<p>Elle se base sur l\u2019envie de construire des b\u00e2timents performants et durable en conception bioclimatique le tout en symbiose avec la situation g\u00e9ographique et les \u00e9l\u00e9ments naturels du lieu.<br \/>\nPour cela nous travaillons sur l&#8217;optimisation de la conception, sur des choix constructifs r\u00e9fl\u00e9chis avec des mat\u00e9riaux ad\u00e9quate biosourc\u00e9s, g\u00e9osourc\u00e9s ou peu transform\u00e9s tant que possible.<\/p>\n<p>Nos valeurs \u00e9cologiques nous am\u00e8nent \u00e0 d\u00e9velopper nos recherches sur le confort des b\u00e2timents aussi bien dans son usage, sa mat\u00e9rialit\u00e9, son efficacit\u00e9 \u00e9nerg\u00e9tique et thermique \u00e0 toutes saisons, sa ventilation et la mise en valeur de la lumi\u00e8re naturelle.<\/p>\n<p>Afin de r\u00e9duire l\u2019impact environnemental de nos projets nous proposons syst\u00e9matiquement une analyse des mat\u00e9riaux pouvant \u00eatre r\u00e9employ\u00e9s lorsque l\u2019op\u00e9ration comprend une d\u00e9molition. Nous recherchons \u00e9galement toujours des circuits courts pour leur provenance afin de favoriser l&#8217;\u00e9conomie circulaire.<\/p>\n<p>Pour r\u00e9pondre \u00e0 ses enjeux notre \u00e9quipe reste en \u00e9veille aussi bien sur les techniques vernaculaires que sur les derni\u00e8res innovations tout en se formant de mani\u00e8re en continue.<\/p>\n<p>L&#8217;\u00e9cologie dans l&#8217;architecture comprend \u00e9videment la nature et donc les paysages auquel nous sommes tr\u00e8s attach\u00e9. Les am\u00e9nagements ext\u00e9rieurs contribuent aux ambiances et font partie int\u00e9grante d&#8217;une \u00e9criture spatiale. C&#8217;est dans ce soucis d&#8217;harmonie entre int\u00e9rieur et ext\u00e9rieur que nous \u00e9tudions chaque projet dans une globalit\u00e9 et que nous proposons notre savoir faire \u00e9galement dans le domaine de l&#8217;am\u00e9nagement paysager.<\/p>\n<div class=\"td_block_wrap td_text_with_title \"><div class=\"block-title\"><span><\/span><\/div><\/div><br \/>\n<\/div><\/div>\n\t\t<\/div> \n\t<\/div> \n\n\t<div class=\"span4 wpb_column column_container\">\n\t\t<div class=\"wpb_wrapper\">\n\t\t\t\n<p><strong>DOMAINES D&#8217;INTERVENTION<\/strong><\/p>\n<p>&#8211; R\u00e9habilitation du patrimoine architectural<\/p>\n<p>&#8211; Administration<\/p>\n<p>&#8211; Lieu Culturel<\/p>\n<p>&#8211; \u00c9tablissement d&#8217;Enseignement<\/p>\n<p>&#8211; Petite Enfance<\/p>\n<p>&#8211; Logements collectif et priv\u00e9s<\/p>\n<p>&#8211; Centre Sportif<\/p>\n<p>&#8211; Commerce et March\u00e9<\/p>\n<p>&#8211; Am\u00e9nagements Urbains et Paysager<\/p>\n<p>__________________________________<\/p>\n<p><strong>FORMATIONS<\/strong><\/p>\n\n\t\t<\/div> \n\t<\/div> \n<\/div>\n\n\n\n<div class=\"wp-block-columns is-layout-flex wp-container-core-columns-is-layout-1 wp-block-columns-is-layout-flex\">\n<div class=\"wp-block-column is-layout-flow wp-block-column-is-layout-flow\" style=\"flex-basis:100%\"><\/div>\n<\/div>\n\n\n\n<p><\/p>\n","protected":false},"excerpt":{"rendered":"HISTOIRE Cr\u00e9\u00e9 dans les ann\u00e9es \u201890, l\u2019Atelier Filippini Architecture et Patrimoine d\u00e9marre son activit\u00e9 en Italie dans le domaine de ","protected":false},"author":1,"featured_media":0,"parent":0,"menu_order":0,"comment_status":"open","ping_status":"open","template":"","meta":{"footnotes":""},"class_list":["post-15","page","type-page","status-publish","hentry"],"_links":{"self":[{"href":"https:\/\/atelierfilippini.com\/index.php?rest_route=\/wp\/v2\/pages\/15","targetHints":{"allow":["GET"]}}],"collection":[{"href":"https:\/\/atelierfilippini.com\/index.php?rest_route=\/wp\/v2\/pages"}],"about":[{"href":"https:\/\/atelierfilippini.com\/index.php?rest_route=\/wp\/v2\/types\/page"}],"author":[{"embeddable":true,"href":"https:\/\/atelierfilippini.com\/index.php?rest_route=\/wp\/v2\/users\/1"}],"replies":[{"embeddable":true,"href":"https:\/\/atelierfilippini.com\/index.php?rest_route=%2Fwp%2Fv2%2Fcomments&post=15"}],"version-history":[{"count":44,"href":"https:\/\/atelierfilippini.com\/index.php?rest_route=\/wp\/v2\/pages\/15\/revisions"}],"predecessor-version":[{"id":5781,"href":"https:\/\/atelierfilippini.com\/index.php?rest_route=\/wp\/v2\/pages\/15\/revisions\/5781"}],"wp:attachment":[{"href":"https:\/\/atelierfilippini.com\/index.php?rest_route=%2Fwp%2Fv2%2Fmedia&parent=15"}],"curies":[{"name":"wp","href":"https:\/\/api.w.org\/{rel}","templated":true}]}}