{"id":22,"date":"2014-05-02T17:13:33","date_gmt":"2014-05-02T16:13:33","guid":{"rendered":"http:\/\/atelierfilippini.com\/wordpress\/?page_id=22"},"modified":"2025-12-01T15:40:16","modified_gmt":"2025-12-01T14:40:16","slug":"homepage","status":"publish","type":"page","link":"https:\/\/atelierfilippini.com\/","title":{"rendered":"homepage sans colonne de droite news"},"content":{"rendered":"\n<div class=\"wp-block-columns is-layout-flex wp-container-core-columns-is-layout-1 wp-block-columns-is-layout-flex\">\n<div class=\"wp-block-column is-layout-flow wp-block-column-is-layout-flow\" style=\"flex-basis:100%\"><\/div>\n<\/div>\n\n\n<div class=\"span9 wpb_column column_container\">\n\t\t<div class=\"wpb_wrapper\">\n\t\t\t<div class=\"td_block_wrap td_text_with_title \"><div class=\"block-title\"><span>Site en construction<\/span><\/div><\/div>\n<div class=\"wpb_row row-fluid\"><\/div>\n\t<div class=\"span9 wpb_column column_container\">\n\t\t<div class=\"wpb_wrapper\">\n\t\t\t\n\t\t<\/div> \n\t<\/div> \n\n\t<div class=\"wpb_gallery wpb_content_element clearfix\">\n\t\t<div class=\"wpb_wrapper\"><div class=\"wpb_gallery_slides wpb_flexslider flexslider_fade flexslider\" data-interval=\"3\" data-flex_fx=\"fade\"><ul class=\"slides\"><li><img loading=\"lazy\" decoding=\"async\" src=\"https:\/\/atelierfilippini.com\/wordpress\/wp-content\/uploads\/2025\/12\/LA-HALLE-DES-VICTOIRES-149-w-scaled-860x500.jpg\" width=\"860\" height=\"500\" alt=\"LA HALLE DES VICTOIRES 149 w\" \/><\/li><li><img loading=\"lazy\" decoding=\"async\" src=\"https:\/\/atelierfilippini.com\/wordpress\/wp-content\/uploads\/2024\/12\/MARCHE-DES-VICTOIRES-82-860x500.jpg\" width=\"860\" height=\"500\" alt=\"Asni\u00e8res int\u00e9rieur\" \/><\/li><li><img loading=\"lazy\" decoding=\"async\" src=\"https:\/\/atelierfilippini.com\/wordpress\/wp-content\/uploads\/2014\/05\/Filippini-Illkirch-34-800x500.jpg\" width=\"800\" height=\"500\" alt=\"Filippini-Illkirch-34-800x500\" \/><\/li><li><img loading=\"lazy\" decoding=\"async\" src=\"https:\/\/atelierfilippini.com\/wordpress\/wp-content\/uploads\/2014\/05\/Makeba-fa\u00e7ade-w-860x500.jpg\" width=\"860\" height=\"500\" alt=\"Makeba-fa\u00e7ade-w-860x500\" \/><\/li><li><img loading=\"lazy\" decoding=\"async\" src=\"https:\/\/atelierfilippini.com\/wordpress\/wp-content\/uploads\/2025\/02\/JEJ9586-RM-scaled-860x500.jpg\" width=\"860\" height=\"500\" alt=\"Maison des Ensembles au 3 rue d'Aligre\" \/><\/li><li><img loading=\"lazy\" decoding=\"async\" src=\"https:\/\/atelierfilippini.com\/wordpress\/wp-content\/uploads\/2025\/12\/LA-HALLE-DES-VICTOIRES-148-scaled-860x500.jpg\" width=\"860\" height=\"500\" alt=\"LA HALLE DES VICTOIRES 148\" \/><\/li><li><img loading=\"lazy\" decoding=\"async\" src=\"https:\/\/atelierfilippini.com\/wordpress\/wp-content\/uploads\/2014\/05\/Filippini-Illkirch-19-e1405428414200-778x500.jpg\" width=\"778\" height=\"500\" alt=\"Filippini-Illkirch-19-e1405428414200-778x500\" \/><\/li><li><img loading=\"lazy\" decoding=\"async\" src=\"https:\/\/atelierfilippini.com\/wordpress\/wp-content\/uploads\/2024\/12\/Bobigny-Boite-facade-860x500.jpg\" width=\"860\" height=\"500\" alt=\"Bobigny Boite facade\" \/><\/li><li><img loading=\"lazy\" decoding=\"async\" src=\"https:\/\/atelierfilippini.com\/wordpress\/wp-content\/uploads\/2012\/08\/Filippini-Illkirch-0364-R-860x500.jpg\" width=\"860\" height=\"500\" alt=\"Filippini-Illkirch-0364 R\" \/><\/li><\/ul><\/div>\n\t\t<\/div> \n\t<\/div> \n\t<div class=\"wpb_text_column wpb_content_element \">\n\t\t<div class=\"wpb_wrapper\">\n\t\t\t\n\t\t<\/div> \n\t<\/div>\n<p style=\"font-weight: bold;\"><span style=\"color: #808080;\">En \u00e9vidence<\/span><\/p>\n<div id=\"gw_go_portfolio_portfolio_home_id\" style=\"margin-top:0;margin-bottom:0;\"><!--[if lt IE 9]><div class=\"gw-gopf gw-gopf-ie gw-gopf-slider-type gw-gopf-3cols gw-gopf-style-flex gw-gopf-style-flex-slide-up\" data-url=\"https:\/\/atelierfilippini.com\/wordpress\/wp-admin\/admin-ajax.php\" data-id=\"5384ff0698905\" data-cols=\"3\" data-rowspace=\"20\" data-rtl=\"false\" data-transenabled=\"true\" data-lbenabled=\"true\" data-lbgallery=\"true\" data-deep-linking=\"true\"><![endif]--><!--[if gte IE 9]> <!--><div class=\"gw-gopf gw-gopf-no-trans gw-gopf-slider-type gw-gopf-3cols gw-gopf-style-flex gw-gopf-style-flex-slide-up\" data-url=\"https:\/\/atelierfilippini.com\/wordpress\/wp-admin\/admin-ajax.php\" data-id=\"5384ff0698905\" data-cols=\"3\" data-rowspace=\"20\" data-rtl=\"false\" data-transenabled=\"true\" data-lbenabled=\"true\" data-lbgallery=\"true\" data-deep-linking=\"true\"> <!--<![endif]--><div class=\"gw-gopf-posts-wrap\"><div class=\"gw-gopf-slider-controls-wrap gw-gopf-clearfix\"><div class=\"gw-gopf-slider-controls gw-gopf-clearfix\"><div class=\"gw-gopf-control-prev\"><a href=\"#\"><img decoding=\"async\" src=\"https:\/\/atelierfilippini.com\/wordpress\/wp-content\/plugins\/go_portfolio\/assets\/images\/icon_prev.png\" class=\"gw-gopf-retina\" alt=\"\"><\/a><\/div><div class=\"gw-gopf-control-next\"><a href=\"#\"><img decoding=\"async\" src=\"https:\/\/atelierfilippini.com\/wordpress\/wp-content\/plugins\/go_portfolio\/assets\/images\/icon_next.png\" class=\"gw-gopf-retina\" alt=\"\"><\/a><\/div><\/div><\/div><div class=\"gw-gopf-posts-wrap-inner\"><div class=\"gw-gopf-posts gw-gopf-clearfix\" data-col=\"3\" data-slider=\"{&quot;auto&quot;:{&quot;play&quot;:false,&quot;timeoutDuration&quot;:3000,&quot;pauseOnHover&quot;:true},&quot;circular&quot;:false,&quot;infinite&quot;:false,&quot;direction&quot;:&quot;left&quot;}\"><div id=\"5941\" class=\"gw-gopf-col-wrap\" data-filter=\"enseignement projets-2 projets_home-2\"><div class=\"gw-gopf-post-col\"><div class=\"gw-gopf-post\"><div class=\"gw-gopf-post-header\"><div class=\"gw-gopf-post-overlay\"><\/div><a href=\"https:\/\/atelierfilippini.com\/?p=5941\" class=\"gw-gopf-post-overlay gw-gopf-post-overlay-link\"><\/a><div class=\"gw-gopf-post-media-wrap\" style=\"background-image:url(https:\/\/atelierfilippini.com\/wordpress\/wp-content\/uploads\/2025\/01\/vignette-5.png); filter:progid:DXImageTransform.Microsoft.AlphaImageLoader(src=https:\/\/atelierfilippini.com\/wordpress\/wp-content\/uploads\/2025\/01\/vignette-5.png, sizingMethod='scale');height:180px\"><img loading=\"lazy\" decoding=\"async\" width=\"1080\" height=\"1080\" src=\"https:\/\/atelierfilippini.com\/wordpress\/wp-content\/uploads\/2025\/01\/vignette-5.png\" class=\"attachment-full size-full wp-post-image\" alt=\"\" srcset=\"https:\/\/atelierfilippini.com\/wordpress\/wp-content\/uploads\/2025\/01\/vignette-5.png 1080w, https:\/\/atelierfilippini.com\/wordpress\/wp-content\/uploads\/2025\/01\/vignette-5-300x300.png 300w, https:\/\/atelierfilippini.com\/wordpress\/wp-content\/uploads\/2025\/01\/vignette-5-1024x1024.png 1024w, https:\/\/atelierfilippini.com\/wordpress\/wp-content\/uploads\/2025\/01\/vignette-5-768x768.png 768w, https:\/\/atelierfilippini.com\/wordpress\/wp-content\/uploads\/2025\/01\/vignette-5-220x220.png 220w, https:\/\/atelierfilippini.com\/wordpress\/wp-content\/uploads\/2025\/01\/vignette-5-24x24.png 24w, https:\/\/atelierfilippini.com\/wordpress\/wp-content\/uploads\/2025\/01\/vignette-5-36x36.png 36w, https:\/\/atelierfilippini.com\/wordpress\/wp-content\/uploads\/2025\/01\/vignette-5-48x48.png 48w\" sizes=\"auto, (max-width: 1080px) 100vw, 1080px\" \/><\/div><\/div><div class=\"gw-gopf-post-content-wrap\"><div class=\"gw-gopf-post-content\"><div class=\"gw-gopf-post-title\"><h2><a href=\"https:\/\/atelierfilippini.com\/?p=5941\" target=\"_self\">\u00c9cole Maternelle Anne Frank &#8211; Bobigny (93)<\/a><\/h2><\/div><div class=\"gw-gopf-post-excerpt\">MOA : Mairie de Bobigny (93) \u00c9quipe de Ma\u00eetrise d\u2019\u0153uvre...<\/div><div class=\"gw-gopf-post-more\"><a href=\"https:\/\/atelierfilippini.com\/?p=5941\" class=\"\" target=\"_self\"><\/a><\/div><\/div><\/div><\/div><\/div><\/div><div id=\"5868\" class=\"gw-gopf-col-wrap\" data-filter=\"activite projets projets-2 projets_home-2\"><div class=\"gw-gopf-post-col\"><div class=\"gw-gopf-post\"><div class=\"gw-gopf-post-header\"><div class=\"gw-gopf-post-overlay\"><\/div><a href=\"https:\/\/atelierfilippini.com\/?p=5868\" class=\"gw-gopf-post-overlay gw-gopf-post-overlay-link\"><\/a><div class=\"gw-gopf-post-media-wrap\" style=\"background-image:url(https:\/\/atelierfilippini.com\/wordpress\/wp-content\/uploads\/2025\/01\/vignette-7.png); filter:progid:DXImageTransform.Microsoft.AlphaImageLoader(src=https:\/\/atelierfilippini.com\/wordpress\/wp-content\/uploads\/2025\/01\/vignette-7.png, sizingMethod='scale');height:180px\"><img loading=\"lazy\" decoding=\"async\" width=\"1080\" height=\"1080\" src=\"https:\/\/atelierfilippini.com\/wordpress\/wp-content\/uploads\/2025\/01\/vignette-7.png\" class=\"attachment-full size-full wp-post-image\" alt=\"\" srcset=\"https:\/\/atelierfilippini.com\/wordpress\/wp-content\/uploads\/2025\/01\/vignette-7.png 1080w, https:\/\/atelierfilippini.com\/wordpress\/wp-content\/uploads\/2025\/01\/vignette-7-300x300.png 300w, https:\/\/atelierfilippini.com\/wordpress\/wp-content\/uploads\/2025\/01\/vignette-7-1024x1024.png 1024w, https:\/\/atelierfilippini.com\/wordpress\/wp-content\/uploads\/2025\/01\/vignette-7-768x768.png 768w, https:\/\/atelierfilippini.com\/wordpress\/wp-content\/uploads\/2025\/01\/vignette-7-220x220.png 220w, https:\/\/atelierfilippini.com\/wordpress\/wp-content\/uploads\/2025\/01\/vignette-7-24x24.png 24w, https:\/\/atelierfilippini.com\/wordpress\/wp-content\/uploads\/2025\/01\/vignette-7-36x36.png 36w, https:\/\/atelierfilippini.com\/wordpress\/wp-content\/uploads\/2025\/01\/vignette-7-48x48.png 48w\" sizes=\"auto, (max-width: 1080px) 100vw, 1080px\" \/><\/div><\/div><div class=\"gw-gopf-post-content-wrap\"><div class=\"gw-gopf-post-content\"><div class=\"gw-gopf-post-title\"><h2><a href=\"https:\/\/atelierfilippini.com\/?p=5868\" target=\"_self\">March\u00e9 des Victoires &#8211; Asni\u00e8res sur Seine (92)<\/a><\/h2><\/div><div class=\"gw-gopf-post-excerpt\">MOA : Ville d&#8217;Asni\u00e8res-sur-Seine (92) \u00c9quipe de Ma\u00eetrise d\u2019\u0153uvre :...<\/div><div class=\"gw-gopf-post-more\"><a href=\"https:\/\/atelierfilippini.com\/?p=5868\" class=\"\" target=\"_self\"><\/a><\/div><\/div><\/div><\/div><\/div><\/div><div id=\"6020\" class=\"gw-gopf-col-wrap\" data-filter=\"activite non-classe patrimoine projets_home-2 tous\"><div class=\"gw-gopf-post-col\"><div class=\"gw-gopf-post\"><div class=\"gw-gopf-post-header\"><div class=\"gw-gopf-post-overlay\"><\/div><a href=\"https:\/\/atelierfilippini.com\/?p=6020\" class=\"gw-gopf-post-overlay gw-gopf-post-overlay-link\"><\/a><div class=\"gw-gopf-post-media-wrap\" style=\"background-image:url(https:\/\/atelierfilippini.com\/wordpress\/wp-content\/uploads\/2025\/01\/Vignette-9.png); filter:progid:DXImageTransform.Microsoft.AlphaImageLoader(src=https:\/\/atelierfilippini.com\/wordpress\/wp-content\/uploads\/2025\/01\/Vignette-9.png, sizingMethod='scale');height:180px\"><img loading=\"lazy\" decoding=\"async\" width=\"1080\" height=\"1080\" src=\"https:\/\/atelierfilippini.com\/wordpress\/wp-content\/uploads\/2025\/01\/Vignette-9.png\" class=\"attachment-full size-full wp-post-image\" alt=\"\" srcset=\"https:\/\/atelierfilippini.com\/wordpress\/wp-content\/uploads\/2025\/01\/Vignette-9.png 1080w, https:\/\/atelierfilippini.com\/wordpress\/wp-content\/uploads\/2025\/01\/Vignette-9-300x300.png 300w, https:\/\/atelierfilippini.com\/wordpress\/wp-content\/uploads\/2025\/01\/Vignette-9-1024x1024.png 1024w, https:\/\/atelierfilippini.com\/wordpress\/wp-content\/uploads\/2025\/01\/Vignette-9-768x768.png 768w, https:\/\/atelierfilippini.com\/wordpress\/wp-content\/uploads\/2025\/01\/Vignette-9-220x220.png 220w, https:\/\/atelierfilippini.com\/wordpress\/wp-content\/uploads\/2025\/01\/Vignette-9-24x24.png 24w, https:\/\/atelierfilippini.com\/wordpress\/wp-content\/uploads\/2025\/01\/Vignette-9-36x36.png 36w, https:\/\/atelierfilippini.com\/wordpress\/wp-content\/uploads\/2025\/01\/Vignette-9-48x48.png 48w\" sizes=\"auto, (max-width: 1080px) 100vw, 1080px\" \/><\/div><\/div><div class=\"gw-gopf-post-content-wrap\"><div class=\"gw-gopf-post-content\"><div class=\"gw-gopf-post-title\"><h2><a href=\"https:\/\/atelierfilippini.com\/?p=6020\" target=\"_self\">Mairie d&#8217;Illkirch-Graffenstaden (67)<\/a><\/h2><\/div><div class=\"gw-gopf-post-excerpt\">MOA : Ville d&#8217;Illkirch-Graffenstaden (67) \u00c9quipe de Ma\u00eetrise d\u2019\u0153uvre :...<\/div><div class=\"gw-gopf-post-more\"><a href=\"https:\/\/atelierfilippini.com\/?p=6020\" class=\"\" target=\"_self\"><\/a><\/div><\/div><\/div><\/div><\/div><\/div><\/div><\/div><\/div><\/div><\/div> <div id=\"gw_go_portfolio_portfolio_home2_id\" style=\"margin-top:0;margin-bottom:0;\"><!--[if lt IE 9]><div class=\"gw-gopf gw-gopf-ie gw-gopf-slider-type gw-gopf-3cols gw-gopf-style-flex gw-gopf-style-flex-slide-up\" data-url=\"https:\/\/atelierfilippini.com\/wordpress\/wp-admin\/admin-ajax.php\" data-id=\"53958dccb45fe\" data-cols=\"3\" data-rowspace=\"20\" data-rtl=\"false\" data-transenabled=\"true\" data-lbenabled=\"true\" data-lbgallery=\"true\" data-deep-linking=\"true\"><![endif]--><!--[if gte IE 9]> <!--><div class=\"gw-gopf gw-gopf-no-trans gw-gopf-slider-type gw-gopf-3cols gw-gopf-style-flex gw-gopf-style-flex-slide-up\" data-url=\"https:\/\/atelierfilippini.com\/wordpress\/wp-admin\/admin-ajax.php\" data-id=\"53958dccb45fe\" data-cols=\"3\" data-rowspace=\"20\" data-rtl=\"false\" data-transenabled=\"true\" data-lbenabled=\"true\" data-lbgallery=\"true\" data-deep-linking=\"true\"> <!--<![endif]--><div class=\"gw-gopf-posts-wrap\"><div class=\"gw-gopf-slider-controls-wrap gw-gopf-clearfix\"><div class=\"gw-gopf-slider-controls gw-gopf-clearfix\"><div class=\"gw-gopf-control-prev\"><a href=\"#\"><img decoding=\"async\" src=\"https:\/\/atelierfilippini.com\/wordpress\/wp-content\/plugins\/go_portfolio\/assets\/images\/icon_prev.png\" class=\"gw-gopf-retina\" alt=\"\"><\/a><\/div><div class=\"gw-gopf-control-next\"><a href=\"#\"><img decoding=\"async\" src=\"https:\/\/atelierfilippini.com\/wordpress\/wp-content\/plugins\/go_portfolio\/assets\/images\/icon_next.png\" class=\"gw-gopf-retina\" alt=\"\"><\/a><\/div><\/div><\/div><div class=\"gw-gopf-posts-wrap-inner\"><div class=\"gw-gopf-posts gw-gopf-clearfix\" data-col=\"3\" data-slider=\"{&quot;auto&quot;:{&quot;play&quot;:false,&quot;timeoutDuration&quot;:3000,&quot;pauseOnHover&quot;:true},&quot;circular&quot;:false,&quot;infinite&quot;:false,&quot;direction&quot;:&quot;left&quot;}\"><div id=\"6167\" class=\"gw-gopf-col-wrap\" data-filter=\"enseignement projets-2 projets_home_2 tous\"><div class=\"gw-gopf-post-col\"><div class=\"gw-gopf-post\"><div class=\"gw-gopf-post-header\"><div class=\"gw-gopf-post-overlay\"><\/div><a href=\"https:\/\/atelierfilippini.com\/?p=6167\" class=\"gw-gopf-post-overlay gw-gopf-post-overlay-link\"><\/a><div class=\"gw-gopf-post-media-wrap\" style=\"background-image:url(https:\/\/atelierfilippini.com\/wordpress\/wp-content\/uploads\/2025\/02\/vignette-pour-site-.png); filter:progid:DXImageTransform.Microsoft.AlphaImageLoader(src=https:\/\/atelierfilippini.com\/wordpress\/wp-content\/uploads\/2025\/02\/vignette-pour-site-.png, sizingMethod='scale');height:180px\"><img loading=\"lazy\" decoding=\"async\" width=\"1080\" height=\"1080\" src=\"https:\/\/atelierfilippini.com\/wordpress\/wp-content\/uploads\/2025\/02\/vignette-pour-site-.png\" class=\"attachment-full size-full wp-post-image\" alt=\"\" srcset=\"https:\/\/atelierfilippini.com\/wordpress\/wp-content\/uploads\/2025\/02\/vignette-pour-site-.png 1080w, https:\/\/atelierfilippini.com\/wordpress\/wp-content\/uploads\/2025\/02\/vignette-pour-site--300x300.png 300w, https:\/\/atelierfilippini.com\/wordpress\/wp-content\/uploads\/2025\/02\/vignette-pour-site--1024x1024.png 1024w, https:\/\/atelierfilippini.com\/wordpress\/wp-content\/uploads\/2025\/02\/vignette-pour-site--768x768.png 768w, https:\/\/atelierfilippini.com\/wordpress\/wp-content\/uploads\/2025\/02\/vignette-pour-site--220x220.png 220w, https:\/\/atelierfilippini.com\/wordpress\/wp-content\/uploads\/2025\/02\/vignette-pour-site--24x24.png 24w, https:\/\/atelierfilippini.com\/wordpress\/wp-content\/uploads\/2025\/02\/vignette-pour-site--36x36.png 36w, https:\/\/atelierfilippini.com\/wordpress\/wp-content\/uploads\/2025\/02\/vignette-pour-site--48x48.png 48w\" sizes=\"auto, (max-width: 1080px) 100vw, 1080px\" \/><\/div><\/div><div class=\"gw-gopf-post-content-wrap\"><div class=\"gw-gopf-post-content\"><div class=\"gw-gopf-post-title\"><h2><a href=\"https:\/\/atelierfilippini.com\/?p=6167\" target=\"_self\">Maison de l&#8217;Enfance du Petit Nanterre (92)<\/a><\/h2><\/div><div class=\"gw-gopf-post-excerpt\">MOA : Ville de Nanterre (92) \u00c9quipe de Ma\u00eetrise d\u2019\u0153uvre...<\/div><div class=\"gw-gopf-post-more\"><a href=\"https:\/\/atelierfilippini.com\/?p=6167\" class=\"\" target=\"_self\"><\/a><\/div><\/div><\/div><\/div><\/div><\/div><div id=\"6102\" class=\"gw-gopf-col-wrap\" data-filter=\"culturel patrimoine projets-2 projets_home_2\"><div class=\"gw-gopf-post-col\"><div class=\"gw-gopf-post\"><div class=\"gw-gopf-post-header\"><div class=\"gw-gopf-post-overlay\"><\/div><a href=\"https:\/\/atelierfilippini.com\/?p=6102\" class=\"gw-gopf-post-overlay gw-gopf-post-overlay-link\"><\/a><div class=\"gw-gopf-post-media-wrap\" style=\"background-image:url(https:\/\/atelierfilippini.com\/wordpress\/wp-content\/uploads\/2025\/02\/Photo-pour-vignette-site.png); filter:progid:DXImageTransform.Microsoft.AlphaImageLoader(src=https:\/\/atelierfilippini.com\/wordpress\/wp-content\/uploads\/2025\/02\/Photo-pour-vignette-site.png, sizingMethod='scale');height:180px\"><img loading=\"lazy\" decoding=\"async\" width=\"1080\" height=\"1080\" src=\"https:\/\/atelierfilippini.com\/wordpress\/wp-content\/uploads\/2025\/02\/Photo-pour-vignette-site.png\" class=\"attachment-full size-full wp-post-image\" alt=\"\" srcset=\"https:\/\/atelierfilippini.com\/wordpress\/wp-content\/uploads\/2025\/02\/Photo-pour-vignette-site.png 1080w, https:\/\/atelierfilippini.com\/wordpress\/wp-content\/uploads\/2025\/02\/Photo-pour-vignette-site-300x300.png 300w, https:\/\/atelierfilippini.com\/wordpress\/wp-content\/uploads\/2025\/02\/Photo-pour-vignette-site-1024x1024.png 1024w, https:\/\/atelierfilippini.com\/wordpress\/wp-content\/uploads\/2025\/02\/Photo-pour-vignette-site-768x768.png 768w, https:\/\/atelierfilippini.com\/wordpress\/wp-content\/uploads\/2025\/02\/Photo-pour-vignette-site-220x220.png 220w, https:\/\/atelierfilippini.com\/wordpress\/wp-content\/uploads\/2025\/02\/Photo-pour-vignette-site-24x24.png 24w, https:\/\/atelierfilippini.com\/wordpress\/wp-content\/uploads\/2025\/02\/Photo-pour-vignette-site-36x36.png 36w, https:\/\/atelierfilippini.com\/wordpress\/wp-content\/uploads\/2025\/02\/Photo-pour-vignette-site-48x48.png 48w\" sizes=\"auto, (max-width: 1080px) 100vw, 1080px\" \/><\/div><\/div><div class=\"gw-gopf-post-content-wrap\"><div class=\"gw-gopf-post-content\"><div class=\"gw-gopf-post-title\"><h2><a href=\"https:\/\/atelierfilippini.com\/?p=6102\" target=\"_self\">Maison des Ensembles &#8211; Paris 12\u00e8me<\/a><\/h2><\/div><div class=\"gw-gopf-post-excerpt\">MOA : Ville de Paris (75) &#8211; Direction du Patrimoine...<\/div><div class=\"gw-gopf-post-more\"><a href=\"https:\/\/atelierfilippini.com\/?p=6102\" class=\"\" target=\"_self\"><\/a><\/div><\/div><\/div><\/div><\/div><\/div><div id=\"6085\" class=\"gw-gopf-col-wrap\" data-filter=\"enseignement projets-2 projets_home_2 tous\"><div class=\"gw-gopf-post-col\"><div class=\"gw-gopf-post\"><div class=\"gw-gopf-post-header\"><div class=\"gw-gopf-post-overlay\"><\/div><a href=\"https:\/\/atelierfilippini.com\/?p=6085\" class=\"gw-gopf-post-overlay gw-gopf-post-overlay-link\"><\/a><div class=\"gw-gopf-post-media-wrap\" style=\"background-image:url(https:\/\/atelierfilippini.com\/wordpress\/wp-content\/uploads\/2025\/01\/Format-pour-vignette.png); filter:progid:DXImageTransform.Microsoft.AlphaImageLoader(src=https:\/\/atelierfilippini.com\/wordpress\/wp-content\/uploads\/2025\/01\/Format-pour-vignette.png, sizingMethod='scale');height:180px\"><img loading=\"lazy\" decoding=\"async\" width=\"1080\" height=\"1080\" src=\"https:\/\/atelierfilippini.com\/wordpress\/wp-content\/uploads\/2025\/01\/Format-pour-vignette.png\" class=\"attachment-full size-full wp-post-image\" alt=\"\" srcset=\"https:\/\/atelierfilippini.com\/wordpress\/wp-content\/uploads\/2025\/01\/Format-pour-vignette.png 1080w, https:\/\/atelierfilippini.com\/wordpress\/wp-content\/uploads\/2025\/01\/Format-pour-vignette-300x300.png 300w, https:\/\/atelierfilippini.com\/wordpress\/wp-content\/uploads\/2025\/01\/Format-pour-vignette-1024x1024.png 1024w, https:\/\/atelierfilippini.com\/wordpress\/wp-content\/uploads\/2025\/01\/Format-pour-vignette-768x768.png 768w, https:\/\/atelierfilippini.com\/wordpress\/wp-content\/uploads\/2025\/01\/Format-pour-vignette-220x220.png 220w, https:\/\/atelierfilippini.com\/wordpress\/wp-content\/uploads\/2025\/01\/Format-pour-vignette-24x24.png 24w, https:\/\/atelierfilippini.com\/wordpress\/wp-content\/uploads\/2025\/01\/Format-pour-vignette-36x36.png 36w, https:\/\/atelierfilippini.com\/wordpress\/wp-content\/uploads\/2025\/01\/Format-pour-vignette-48x48.png 48w\" sizes=\"auto, (max-width: 1080px) 100vw, 1080px\" \/><\/div><\/div><div class=\"gw-gopf-post-content-wrap\"><div class=\"gw-gopf-post-content\"><div class=\"gw-gopf-post-title\"><h2><a href=\"https:\/\/atelierfilippini.com\/?p=6085\" target=\"_self\">Cr\u00e8che Miriam Makeba &#8211; Montreuil (93)<\/a><\/h2><\/div><div class=\"gw-gopf-post-excerpt\">MOA : Ville Montreuil (93) \u00c9quipe de Ma\u00eetrise d\u2019\u0153uvre :...<\/div><div class=\"gw-gopf-post-more\"><a href=\"https:\/\/atelierfilippini.com\/?p=6085\" class=\"\" target=\"_self\"><\/a><\/div><\/div><\/div><\/div><\/div><\/div><\/div><\/div><\/div><\/div><\/div>\n\n\n\n<div class=\"span10 wpb_column column_container\">\n\t\t<div class=\"wpb_wrapper\">\n\t\t\t\n\t\t<\/div> \n\t<\/div> \n\n\t\t<\/div> \n\t<\/div> \n<div class=\"wpb_row row-fluid\">\n\t<div class=\"span12 wpb_column column_container\">\n\t\t<div class=\"wpb_wrapper\">\n\t\t\t\n\t\t<\/div> \n\t<\/div> \n<\/div>\n\n\n\n<p><\/p>\n","protected":false},"excerpt":{"rendered":"MOA : Ville Montreuil (93) \u00c9quipe de Ma\u00eetrise d\u2019\u0153uvre : -Filippini &amp; associ\u00e9s Architectes: Mandataire -Jacco Kalfsbeek architecte cotraitant -EICP: ","protected":false},"author":1,"featured_media":0,"parent":0,"menu_order":0,"comment_status":"open","ping_status":"closed","template":"","meta":{"footnotes":""},"class_list":["post-22","page","type-page","status-publish","hentry"],"_links":{"self":[{"href":"https:\/\/atelierfilippini.com\/index.php?rest_route=\/wp\/v2\/pages\/22","targetHints":{"allow":["GET"]}}],"collection":[{"href":"https:\/\/atelierfilippini.com\/index.php?rest_route=\/wp\/v2\/pages"}],"about":[{"href":"https:\/\/atelierfilippini.com\/index.php?rest_route=\/wp\/v2\/types\/page"}],"author":[{"embeddable":true,"href":"https:\/\/atelierfilippini.com\/index.php?rest_route=\/wp\/v2\/users\/1"}],"replies":[{"embeddable":true,"href":"https:\/\/atelierfilippini.com\/index.php?rest_route=%2Fwp%2Fv2%2Fcomments&post=22"}],"version-history":[{"count":154,"href":"https:\/\/atelierfilippini.com\/index.php?rest_route=\/wp\/v2\/pages\/22\/revisions"}],"predecessor-version":[{"id":6443,"href":"https:\/\/atelierfilippini.com\/index.php?rest_route=\/wp\/v2\/pages\/22\/revisions\/6443"}],"wp:attachment":[{"href":"https:\/\/atelierfilippini.com\/index.php?rest_route=%2Fwp%2Fv2%2Fmedia&parent=22"}],"curies":[{"name":"wp","href":"https:\/\/api.w.org\/{rel}","templated":true}]}}