{"id":5528,"date":"2025-01-03T14:49:23","date_gmt":"2025-01-03T13:49:23","guid":{"rendered":"https:\/\/atelierfilippini.com\/?page_id=5528"},"modified":"2025-01-20T17:51:11","modified_gmt":"2025-01-20T16:51:11","slug":"equipe","status":"publish","type":"page","link":"https:\/\/atelierfilippini.com\/?page_id=5528","title":{"rendered":"L&#8217;\u00c9quipe"},"content":{"rendered":"\n<figure class=\"wp-block-image size-large\"><img loading=\"lazy\" decoding=\"async\" width=\"1024\" height=\"728\" src=\"https:\/\/atelierfilippini.com\/wordpress\/wp-content\/uploads\/2024\/12\/Equipe-w--1024x728.jpg\" alt=\"\" class=\"wp-image-5367\" srcset=\"https:\/\/atelierfilippini.com\/wordpress\/wp-content\/uploads\/2024\/12\/Equipe-w--1024x728.jpg 1024w, https:\/\/atelierfilippini.com\/wordpress\/wp-content\/uploads\/2024\/12\/Equipe-w--300x213.jpg 300w, https:\/\/atelierfilippini.com\/wordpress\/wp-content\/uploads\/2024\/12\/Equipe-w--768x546.jpg 768w, https:\/\/atelierfilippini.com\/wordpress\/wp-content\/uploads\/2024\/12\/Equipe-w--1536x1092.jpg 1536w, https:\/\/atelierfilippini.com\/wordpress\/wp-content\/uploads\/2024\/12\/Equipe-w--2048x1456.jpg 2048w, https:\/\/atelierfilippini.com\/wordpress\/wp-content\/uploads\/2024\/12\/Equipe-w--24x17.jpg 24w, https:\/\/atelierfilippini.com\/wordpress\/wp-content\/uploads\/2024\/12\/Equipe-w--36x26.jpg 36w, https:\/\/atelierfilippini.com\/wordpress\/wp-content\/uploads\/2024\/12\/Equipe-w--48x34.jpg 48w\" sizes=\"auto, (max-width: 1024px) 100vw, 1024px\" \/><\/figure>\n\n\n\n<div class=\"wp-block-group is-nowrap is-layout-flex wp-container-core-group-is-layout-1 wp-block-group-is-layout-flex\">\n<div class=\"wp-block-media-text is-stacked-on-mobile\" style=\"grid-template-columns:32% auto\"><figure class=\"wp-block-media-text__media\"><a href=\"https:\/\/atelierfilippini.com\/wordpress\/wp-content\/uploads\/2025\/01\/Renato-Portrait.jpg\"><img loading=\"lazy\" decoding=\"async\" width=\"1024\" height=\"935\" src=\"https:\/\/atelierfilippini.com\/wordpress\/wp-content\/uploads\/2025\/01\/Renato-Portrait-1024x935.jpg\" alt=\"\" class=\"wp-image-5538 size-full\" srcset=\"https:\/\/atelierfilippini.com\/wordpress\/wp-content\/uploads\/2025\/01\/Renato-Portrait-1024x935.jpg 1024w, https:\/\/atelierfilippini.com\/wordpress\/wp-content\/uploads\/2025\/01\/Renato-Portrait-300x274.jpg 300w, https:\/\/atelierfilippini.com\/wordpress\/wp-content\/uploads\/2025\/01\/Renato-Portrait-768x701.jpg 768w, https:\/\/atelierfilippini.com\/wordpress\/wp-content\/uploads\/2025\/01\/Renato-Portrait-1536x1403.jpg 1536w, https:\/\/atelierfilippini.com\/wordpress\/wp-content\/uploads\/2025\/01\/Renato-Portrait-2048x1870.jpg 2048w, https:\/\/atelierfilippini.com\/wordpress\/wp-content\/uploads\/2025\/01\/Renato-Portrait-24x22.jpg 24w, https:\/\/atelierfilippini.com\/wordpress\/wp-content\/uploads\/2025\/01\/Renato-Portrait-36x33.jpg 36w, https:\/\/atelierfilippini.com\/wordpress\/wp-content\/uploads\/2025\/01\/Renato-Portrait-48x44.jpg 48w\" sizes=\"auto, (max-width: 1024px) 100vw, 1024px\" \/><\/a><\/figure><div class=\"wp-block-media-text__content\">\n<h1 class=\"wp-block-heading\">Renato Filippini &#8211;  Architecte Fondateur et G\u00e9rant<\/h1>\n\n\n\n<p><strong>30 ans d&#8217;exp\u00e9riences<\/strong> <\/p>\n\n\n\n<h2 class=\"wp-block-heading\">Sp\u00e9cialisations:<\/h2>\n\n\n\n<ul class=\"wp-block-list\">\n<li>Patrimoine Architecturale<\/li>\n\n\n\n<li>Mus\u00e9ographie<\/li>\n\n\n\n<li>Structure Constructive<\/li>\n\n\n\n<li>Am\u00e9nagement Paysager<\/li>\n<\/ul>\n\n\n\n<p><\/p>\n\n\n\n<p><a href=\"mailto:filippini@atelierfilippini.com\">filippini@atelierfilippini.com<\/a><\/p>\n<\/div><\/div>\n<\/div>\n\n\n\n<div class=\"wp-block-media-text is-stacked-on-mobile\" style=\"grid-template-columns:32% auto\"><figure class=\"wp-block-media-text__media\"><img loading=\"lazy\" decoding=\"async\" width=\"1024\" height=\"935\" src=\"https:\/\/atelierfilippini.com\/wordpress\/wp-content\/uploads\/2024\/12\/Jeremie-Portrait--1024x935.jpg\" alt=\"\" class=\"wp-image-5378 size-full\" srcset=\"https:\/\/atelierfilippini.com\/wordpress\/wp-content\/uploads\/2024\/12\/Jeremie-Portrait--1024x935.jpg 1024w, https:\/\/atelierfilippini.com\/wordpress\/wp-content\/uploads\/2024\/12\/Jeremie-Portrait--300x274.jpg 300w, https:\/\/atelierfilippini.com\/wordpress\/wp-content\/uploads\/2024\/12\/Jeremie-Portrait--768x701.jpg 768w, https:\/\/atelierfilippini.com\/wordpress\/wp-content\/uploads\/2024\/12\/Jeremie-Portrait--1536x1403.jpg 1536w, https:\/\/atelierfilippini.com\/wordpress\/wp-content\/uploads\/2024\/12\/Jeremie-Portrait--2048x1870.jpg 2048w, https:\/\/atelierfilippini.com\/wordpress\/wp-content\/uploads\/2024\/12\/Jeremie-Portrait--24x22.jpg 24w, https:\/\/atelierfilippini.com\/wordpress\/wp-content\/uploads\/2024\/12\/Jeremie-Portrait--36x33.jpg 36w, https:\/\/atelierfilippini.com\/wordpress\/wp-content\/uploads\/2024\/12\/Jeremie-Portrait--48x44.jpg 48w\" sizes=\"auto, (max-width: 1024px) 100vw, 1024px\" \/><\/figure><div class=\"wp-block-media-text__content\">\n<h1 class=\"wp-block-heading\">J\u00e9r\u00e9mie Wanszczyk &#8211; Architecte Associ\u00e9 Co-g\u00e9rant<\/h1>\n\n\n\n<p><strong>10 ans d&#8217;exp\u00e9riences<\/strong> <\/p>\n\n\n\n<h2 class=\"wp-block-heading\">Sp\u00e9cialisations:<\/h2>\n\n\n\n<ul class=\"wp-block-list\">\n<li>La R\u00e9habilitation Durable<\/li>\n\n\n\n<li>Concevoir une r\u00e9habilitation \u00e9nerg\u00e9tique responsable du b\u00e2ti ancien<\/li>\n\n\n\n<li>Construire en Fibres V\u00e9g\u00e9tales Aujourd\u2019hui<\/li>\n\n\n\n<li>Technique constructive Bois<\/li>\n\n\n\n<li>OPC<\/li>\n<\/ul>\n\n\n\n<p><a href=\"mailto:wawszczyk@atelierfilippini.com\">wawszczyk@atelierfilippini.com<\/a><\/p>\n\n\n\n<p><strong>Secr\u00e9taire Adjoint au Conseil R\u00e9gional de l&#8217;Ordre des Architectes d&#8217;\u00cele de France<\/strong> <strong>CROAIF<\/strong><\/p>\n<\/div><\/div>\n\n\n\n<div class=\"wp-block-media-text is-stacked-on-mobile\" style=\"grid-template-columns:32% auto\"><figure class=\"wp-block-media-text__media\"><img loading=\"lazy\" decoding=\"async\" width=\"1024\" height=\"935\" src=\"https:\/\/atelierfilippini.com\/wordpress\/wp-content\/uploads\/2025\/01\/Benjamin-Portrait_-1024x935.jpg\" alt=\"\" class=\"wp-image-5510 size-full\" srcset=\"https:\/\/atelierfilippini.com\/wordpress\/wp-content\/uploads\/2025\/01\/Benjamin-Portrait_-1024x935.jpg 1024w, https:\/\/atelierfilippini.com\/wordpress\/wp-content\/uploads\/2025\/01\/Benjamin-Portrait_-300x274.jpg 300w, https:\/\/atelierfilippini.com\/wordpress\/wp-content\/uploads\/2025\/01\/Benjamin-Portrait_-768x701.jpg 768w, https:\/\/atelierfilippini.com\/wordpress\/wp-content\/uploads\/2025\/01\/Benjamin-Portrait_-1536x1403.jpg 1536w, https:\/\/atelierfilippini.com\/wordpress\/wp-content\/uploads\/2025\/01\/Benjamin-Portrait_-2048x1870.jpg 2048w, https:\/\/atelierfilippini.com\/wordpress\/wp-content\/uploads\/2025\/01\/Benjamin-Portrait_-24x22.jpg 24w, https:\/\/atelierfilippini.com\/wordpress\/wp-content\/uploads\/2025\/01\/Benjamin-Portrait_-36x33.jpg 36w, https:\/\/atelierfilippini.com\/wordpress\/wp-content\/uploads\/2025\/01\/Benjamin-Portrait_-48x44.jpg 48w\" sizes=\"auto, (max-width: 1024px) 100vw, 1024px\" \/><\/figure><div class=\"wp-block-media-text__content\">\n<h1 class=\"wp-block-heading\">Benjamin Ancel &#8211; Architecte Dipl\u00f4m\u00e9 d\u2019\u00c9tat<\/h1>\n\n\n\n<p><strong>10 ans d&#8217;exp\u00e9riences<\/strong> <\/p>\n\n\n\n<h2 class=\"wp-block-heading\">Sp\u00e9cialisations:<\/h2>\n\n\n\n<ul class=\"wp-block-list\">\n<li>Construction en Paille<\/li>\n\n\n\n<li>Construction en Terre Crue <\/li>\n\n\n\n<li>Construction en bois et mat\u00e9riaux biosourc\u00e9s<\/li>\n\n\n\n<li>Analyse des Mat\u00e9riaux \u00e0 R\u00e9employer et leurs utilisations<\/li>\n\n\n\n<li>Projets Participatifs<\/li>\n\n\n\n<li>Am\u00e9nagement de Jardins P\u00e9dagogiques et de Vergers<\/li>\n<\/ul>\n\n\n\n<p><a href=\"mailto:ancel@atelierfilippini.com\">ancel@atelierfilippini.com<\/a><\/p>\n<\/div><\/div>\n\n\n\n<div class=\"wp-block-media-text is-stacked-on-mobile\" style=\"grid-template-columns:32% auto\"><figure class=\"wp-block-media-text__media\"><img loading=\"lazy\" decoding=\"async\" width=\"1024\" height=\"935\" src=\"https:\/\/atelierfilippini.com\/wordpress\/wp-content\/uploads\/2025\/01\/Aida-portrait_-1024x935.jpg\" alt=\"\" class=\"wp-image-5511 size-full\" srcset=\"https:\/\/atelierfilippini.com\/wordpress\/wp-content\/uploads\/2025\/01\/Aida-portrait_-1024x935.jpg 1024w, https:\/\/atelierfilippini.com\/wordpress\/wp-content\/uploads\/2025\/01\/Aida-portrait_-300x274.jpg 300w, https:\/\/atelierfilippini.com\/wordpress\/wp-content\/uploads\/2025\/01\/Aida-portrait_-768x701.jpg 768w, https:\/\/atelierfilippini.com\/wordpress\/wp-content\/uploads\/2025\/01\/Aida-portrait_-1536x1403.jpg 1536w, https:\/\/atelierfilippini.com\/wordpress\/wp-content\/uploads\/2025\/01\/Aida-portrait_-2048x1870.jpg 2048w, https:\/\/atelierfilippini.com\/wordpress\/wp-content\/uploads\/2025\/01\/Aida-portrait_-24x22.jpg 24w, https:\/\/atelierfilippini.com\/wordpress\/wp-content\/uploads\/2025\/01\/Aida-portrait_-36x33.jpg 36w, https:\/\/atelierfilippini.com\/wordpress\/wp-content\/uploads\/2025\/01\/Aida-portrait_-48x44.jpg 48w\" sizes=\"auto, (max-width: 1024px) 100vw, 1024px\" \/><\/figure><div class=\"wp-block-media-text__content\">\n<h1 class=\"wp-block-heading\">A\u00efda Denavit &#8211; Architecte HMONP<\/h1>\n\n\n\n<p><strong>4 ans d&#8217;exp\u00e9riences<\/strong><\/p>\n\n\n\n<h2 class=\"wp-block-heading\">Sp\u00e9cialisations:<\/h2>\n\n\n\n<ul class=\"wp-block-list\">\n<li>\u00c9conomie Circulaire<\/li>\n\n\n\n<li>Mat\u00e9riaux biosourc\u00e9s<\/li>\n<\/ul>\n\n\n\n<p><a href=\"mailto:denavit@atelierfilippini.com\">denavit@atelierfilippini.com<\/a><\/p>\n<\/div><\/div>\n\n\n\n<div class=\"wp-block-media-text is-stacked-on-mobile\" style=\"grid-template-columns:32% auto\"><figure class=\"wp-block-media-text__media\"><img loading=\"lazy\" decoding=\"async\" width=\"1024\" height=\"935\" src=\"https:\/\/atelierfilippini.com\/wordpress\/wp-content\/uploads\/2025\/01\/Jean-Marc-Portrait_-1024x935.jpg\" alt=\"\" class=\"wp-image-5514 size-full\" srcset=\"https:\/\/atelierfilippini.com\/wordpress\/wp-content\/uploads\/2025\/01\/Jean-Marc-Portrait_-1024x935.jpg 1024w, https:\/\/atelierfilippini.com\/wordpress\/wp-content\/uploads\/2025\/01\/Jean-Marc-Portrait_-300x274.jpg 300w, https:\/\/atelierfilippini.com\/wordpress\/wp-content\/uploads\/2025\/01\/Jean-Marc-Portrait_-768x701.jpg 768w, https:\/\/atelierfilippini.com\/wordpress\/wp-content\/uploads\/2025\/01\/Jean-Marc-Portrait_-1536x1403.jpg 1536w, https:\/\/atelierfilippini.com\/wordpress\/wp-content\/uploads\/2025\/01\/Jean-Marc-Portrait_-2048x1870.jpg 2048w, https:\/\/atelierfilippini.com\/wordpress\/wp-content\/uploads\/2025\/01\/Jean-Marc-Portrait_-24x22.jpg 24w, https:\/\/atelierfilippini.com\/wordpress\/wp-content\/uploads\/2025\/01\/Jean-Marc-Portrait_-36x33.jpg 36w, https:\/\/atelierfilippini.com\/wordpress\/wp-content\/uploads\/2025\/01\/Jean-Marc-Portrait_-48x44.jpg 48w\" sizes=\"auto, (max-width: 1024px) 100vw, 1024px\" \/><\/figure><div class=\"wp-block-media-text__content\">\n<h1 class=\"wp-block-heading\">Jean-Marc Abboud &#8211; Architecte Dipl\u00f4m\u00e9 d\u2019\u00c9tat<\/h1>\n\n\n\n<p><strong>En mise en situation professionnel<\/strong><\/p>\n\n\n\n<h2 class=\"wp-block-heading\">Sp\u00e9cialisations:<\/h2>\n\n\n\n<ul class=\"wp-block-list\">\n<li>Perfectionnement REVIT certifi\u00e9e Autodesk<\/li>\n\n\n\n<li>\u00c9conomie Circulaire<\/li>\n<\/ul>\n\n\n\n<p><a href=\"mailto:abboud@atelierfilippini.com\">abboud@atelierfilippini.com<\/a><\/p>\n<\/div><\/div>\n\n\n\n<div class=\"wp-block-media-text is-stacked-on-mobile\" style=\"grid-template-columns:32% auto\"><figure class=\"wp-block-media-text__media\"><img loading=\"lazy\" decoding=\"async\" width=\"1024\" height=\"935\" src=\"https:\/\/atelierfilippini.com\/wordpress\/wp-content\/uploads\/2025\/01\/Paloma-Portrait-_-Site-1024x935.jpg\" alt=\"\" class=\"wp-image-5690 size-full\" srcset=\"https:\/\/atelierfilippini.com\/wordpress\/wp-content\/uploads\/2025\/01\/Paloma-Portrait-_-Site-1024x935.jpg 1024w, https:\/\/atelierfilippini.com\/wordpress\/wp-content\/uploads\/2025\/01\/Paloma-Portrait-_-Site-300x274.jpg 300w, https:\/\/atelierfilippini.com\/wordpress\/wp-content\/uploads\/2025\/01\/Paloma-Portrait-_-Site-768x701.jpg 768w, https:\/\/atelierfilippini.com\/wordpress\/wp-content\/uploads\/2025\/01\/Paloma-Portrait-_-Site-1536x1403.jpg 1536w, https:\/\/atelierfilippini.com\/wordpress\/wp-content\/uploads\/2025\/01\/Paloma-Portrait-_-Site-2048x1870.jpg 2048w, https:\/\/atelierfilippini.com\/wordpress\/wp-content\/uploads\/2025\/01\/Paloma-Portrait-_-Site-24x22.jpg 24w, https:\/\/atelierfilippini.com\/wordpress\/wp-content\/uploads\/2025\/01\/Paloma-Portrait-_-Site-36x33.jpg 36w, https:\/\/atelierfilippini.com\/wordpress\/wp-content\/uploads\/2025\/01\/Paloma-Portrait-_-Site-48x44.jpg 48w\" sizes=\"auto, (max-width: 1024px) 100vw, 1024px\" \/><\/figure><div class=\"wp-block-media-text__content\">\n<h1 class=\"wp-block-heading\">Paloma Rodriguez &#8211; Graphiste<\/h1>\n\n\n\n<p><strong>30 ans d&#8217;exp\u00e9riences<\/strong><\/p>\n\n\n\n<h2 class=\"wp-block-heading\">Sp\u00e9cialisations:<\/h2>\n\n\n\n<ul class=\"wp-block-list\">\n<li>Graphisme<\/li>\n\n\n\n<li>Candidatures<\/li>\n\n\n\n<li>Communication<\/li>\n<\/ul>\n<\/div><\/div>\n","protected":false},"excerpt":{"rendered":"<p>Renato Filippini &#8211; Architecte Fondateur et G\u00e9rant 30 ans d&#8217;exp\u00e9riences Sp\u00e9cialisations: filippini@atelierfilippini.com<\/p>\n","protected":false},"author":2,"featured_media":0,"parent":0,"menu_order":0,"comment_status":"closed","ping_status":"closed","template":"","meta":{"footnotes":""},"class_list":["post-5528","page","type-page","status-publish","hentry"],"_links":{"self":[{"href":"https:\/\/atelierfilippini.com\/index.php?rest_route=\/wp\/v2\/pages\/5528","targetHints":{"allow":["GET"]}}],"collection":[{"href":"https:\/\/atelierfilippini.com\/index.php?rest_route=\/wp\/v2\/pages"}],"about":[{"href":"https:\/\/atelierfilippini.com\/index.php?rest_route=\/wp\/v2\/types\/page"}],"author":[{"embeddable":true,"href":"https:\/\/atelierfilippini.com\/index.php?rest_route=\/wp\/v2\/users\/2"}],"replies":[{"embeddable":true,"href":"https:\/\/atelierfilippini.com\/index.php?rest_route=%2Fwp%2Fv2%2Fcomments&post=5528"}],"version-history":[{"count":66,"href":"https:\/\/atelierfilippini.com\/index.php?rest_route=\/wp\/v2\/pages\/5528\/revisions"}],"predecessor-version":[{"id":5977,"href":"https:\/\/atelierfilippini.com\/index.php?rest_route=\/wp\/v2\/pages\/5528\/revisions\/5977"}],"wp:attachment":[{"href":"https:\/\/atelierfilippini.com\/index.php?rest_route=%2Fwp%2Fv2%2Fmedia&parent=5528"}],"curies":[{"name":"wp","href":"https:\/\/api.w.org\/{rel}","templated":true}]}}