{"id":5755,"date":"2025-01-16T16:11:50","date_gmt":"2025-01-16T15:11:50","guid":{"rendered":"https:\/\/atelierfilippini.com\/?page_id=5755"},"modified":"2025-01-28T17:32:32","modified_gmt":"2025-01-28T16:32:32","slug":"presentation-atelier","status":"publish","type":"page","link":"https:\/\/atelierfilippini.com\/?page_id=5755","title":{"rendered":"Pr\u00e9sentation Atelier"},"content":{"rendered":"\n<figure class=\"wp-block-image size-large\"><img loading=\"lazy\" decoding=\"async\" width=\"1024\" height=\"216\" src=\"https:\/\/atelierfilippini.com\/wordpress\/wp-content\/uploads\/2025\/01\/bandeau-presentation-2-1024x216.png\" alt=\"\" class=\"wp-image-5824\" srcset=\"https:\/\/atelierfilippini.com\/wordpress\/wp-content\/uploads\/2025\/01\/bandeau-presentation-2-1024x216.png 1024w, https:\/\/atelierfilippini.com\/wordpress\/wp-content\/uploads\/2025\/01\/bandeau-presentation-2-300x63.png 300w, https:\/\/atelierfilippini.com\/wordpress\/wp-content\/uploads\/2025\/01\/bandeau-presentation-2-768x162.png 768w, https:\/\/atelierfilippini.com\/wordpress\/wp-content\/uploads\/2025\/01\/bandeau-presentation-2-1536x324.png 1536w, https:\/\/atelierfilippini.com\/wordpress\/wp-content\/uploads\/2025\/01\/bandeau-presentation-2-2048x432.png 2048w, https:\/\/atelierfilippini.com\/wordpress\/wp-content\/uploads\/2025\/01\/bandeau-presentation-2-24x5.png 24w, https:\/\/atelierfilippini.com\/wordpress\/wp-content\/uploads\/2025\/01\/bandeau-presentation-2-36x8.png 36w, https:\/\/atelierfilippini.com\/wordpress\/wp-content\/uploads\/2025\/01\/bandeau-presentation-2-48x10.png 48w\" sizes=\"auto, (max-width: 1024px) 100vw, 1024px\" \/><\/figure>\n\n\n\n<div class=\"wp-block-columns is-layout-flex wp-container-core-columns-is-layout-1 wp-block-columns-is-layout-flex\">\n<div class=\"wp-block-column is-layout-flow wp-block-column-is-layout-flow\" style=\"flex-basis:66.66%\">\n<h2 class=\"wp-block-heading\">HISTOIRE<\/h2>\n\n\n\n<p><\/p>\n\n\n\n<p><\/p>\n\n\n\n<p>Cr\u00e9\u00e9 dans les ann\u00e9es 90\u2019, l\u2019Atelier Filippini <strong>Architecture<\/strong> et <strong>Patrimoine <\/strong>d\u00e9marre son activit\u00e9 en Italie dans le domaine de la restauration et mise en valeur du patrimoine architectural, y compris pour les b\u00e2timents et les sites <strong>prot\u00e9g\u00e9s<\/strong>.<\/p>\n\n\n\n<p>Install\u00e9s en France depuis 2003 nous nous sommes sp\u00e9cialis\u00e9s dans la <strong>r\u00e9novation\/extension<\/strong> et la <strong>construction de b\u00e2timents publics<\/strong>, sur la base de programmes d\u2019\u00e9quipements vari\u00e9s d\u00e9di\u00e9s \u00e0 l\u2019enfance, \u00e0 l\u2019enseignement, au tertiaire, aux commerces, \u00e0 l\u2019administratif, au culturel, aux logements et \u00e0 <strong>l\u2019am\u00e9nagement paysager<\/strong>.<\/p>\n\n\n\n<p>Dans une volont\u00e9 de d\u00e9veloppement professionnel, de <strong>transmission de savoir-faire<\/strong> et d\u2019int\u00e9gration d\u2019ancien chef de projet, nous \u00e9voluons en 2023 vers l\u2019agence <strong>Filippini &amp; Associ\u00e9s Architectes<\/strong> SARL, en \u00e9largissant notre structure et en modernisant notre m\u00e9thodologie et notre organisation.<\/p>\n\n\n\n<p>Notre objectif quant \u00e0 lui n\u2019a pas chang\u00e9, il est toujours de proposer aux Ma\u00eetres d\u2019Ouvrages, publics comme priv\u00e9s, des <strong>solutions architecturales pertinentes<\/strong> et <strong>innovantes<\/strong> en inscrivant les projets dans une <strong>approche environnementale<\/strong> raisonn\u00e9e et cela d\u00e8s la phase de conception.<\/p>\n\n\n\n<hr class=\"wp-block-separator has-alpha-channel-opacity\"\/>\n\n\n\n<figure class=\"wp-block-image size-large\"><img loading=\"lazy\" decoding=\"async\" width=\"1024\" height=\"177\" src=\"https:\/\/atelierfilippini.com\/wordpress\/wp-content\/uploads\/2025\/01\/Facade-metallique-1024x177.png\" alt=\"\" class=\"wp-image-5828\" srcset=\"https:\/\/atelierfilippini.com\/wordpress\/wp-content\/uploads\/2025\/01\/Facade-metallique-1024x177.png 1024w, https:\/\/atelierfilippini.com\/wordpress\/wp-content\/uploads\/2025\/01\/Facade-metallique-300x52.png 300w, https:\/\/atelierfilippini.com\/wordpress\/wp-content\/uploads\/2025\/01\/Facade-metallique-768x133.png 768w, https:\/\/atelierfilippini.com\/wordpress\/wp-content\/uploads\/2025\/01\/Facade-metallique-1536x266.png 1536w, https:\/\/atelierfilippini.com\/wordpress\/wp-content\/uploads\/2025\/01\/Facade-metallique-2048x354.png 2048w, https:\/\/atelierfilippini.com\/wordpress\/wp-content\/uploads\/2025\/01\/Facade-metallique-24x4.png 24w, https:\/\/atelierfilippini.com\/wordpress\/wp-content\/uploads\/2025\/01\/Facade-metallique-36x6.png 36w, https:\/\/atelierfilippini.com\/wordpress\/wp-content\/uploads\/2025\/01\/Facade-metallique-48x8.png 48w\" sizes=\"auto, (max-width: 1024px) 100vw, 1024px\" \/><\/figure>\n\n\n\n<h2 class=\"wp-block-heading\">PHILOSOPHIE<\/h2>\n\n\n\n<p><\/p>\n\n\n\n<p><\/p>\n\n\n\n<p><\/p>\n\n\n\n<p><\/p>\n\n\n\n<p>Atelier d\u2019Architecture \u00e0 <strong>dimension humaine<\/strong> avec une \u00e9quipe <strong>pluridisciplinaire<\/strong>, nos valeurs soci\u00e9tales nous am\u00e8nent \u00e0 intervenir sur des op\u00e9rations de taille et d\u2019envergure vari\u00e9es, de la grande op\u00e9ration publique \u00e0 la maison d\u2019architecte. L\u2019important pour nous est de pouvoir exprimer notre <strong>cr\u00e9ativit\u00e9<\/strong> dans l\u2019objectif de la satisfaction finale du client.<\/p>\n\n\n\n<p>Ainsi, proposer un ouvrage taill\u00e9 sur mesure est notre priorit\u00e9. Chaque projet est <strong>unique<\/strong> et entra\u00eene une r\u00e9flexion sp\u00e9cifique sur l\u2019usage, la spatialit\u00e9, la conception structurelle, la mat\u00e9rialit\u00e9 et l\u2019am\u00e9nagement paysager, afin d\u2019offrir l\u2019\u00e9difice qui r\u00e9pondra au mieux <strong>au cahier des charges<\/strong> quelle que soit sa taille, ses caract\u00e9ristiques et son implantation g\u00e9ographique.<\/p>\n\n\n\n<p>De mani\u00e8re plus g\u00e9n\u00e9rale, et gr\u00e2ce \u00e0 notre exp\u00e9rience de plus de 30 ans fond\u00e9e sur la connaissance approfondie des techniques constructives anciennes et contemporaines, nous apportons une <strong>expertise solide<\/strong> dans les domaines de la r\u00e9habilitation\/restauration comme dans la construction du <strong>futur patrimoine architectural rural<\/strong> et <strong>urbain<\/strong>. \u00c9paul\u00e9s par des bureaux d\u2019\u00e9tudes partenaires, nous proposons toujours des \u00e9quipes pluridisciplinaires comp\u00e9tentes et motiv\u00e9es par synergie commune.<\/p>\n\n\n\n<p>Ma\u00eetres d\u2019\u0152uvre <strong>exigeants<\/strong>, notre sensibilit\u00e9 nous am\u00e8ne \u00e0 travailler les <strong>d\u00e9tails architecturaux<\/strong> jusqu\u2019\u00e0 leurs meilleures proportions et nous privil\u00e9gions syst\u00e9matiquement le <strong>savoir-faire artisanal<\/strong> de qualit\u00e9. Notre regard pragmatique sur les contraintes techniques et \u00e9conomiques ainsi que sur l\u2019optimisation des conditions de maintenance, nous parait indispensable pour construire ensemble un <strong>patrimoine \u00e9cologique durable.<\/strong><\/p>\n\n\n\n<hr class=\"wp-block-separator has-alpha-channel-opacity\"\/>\n\n\n\n<figure class=\"wp-block-image size-large\"><img loading=\"lazy\" decoding=\"async\" width=\"1024\" height=\"177\" src=\"https:\/\/atelierfilippini.com\/wordpress\/wp-content\/uploads\/2025\/01\/Bandeau-bois-1024x177.jpg\" alt=\"\" class=\"wp-image-5820\" srcset=\"https:\/\/atelierfilippini.com\/wordpress\/wp-content\/uploads\/2025\/01\/Bandeau-bois-1024x177.jpg 1024w, https:\/\/atelierfilippini.com\/wordpress\/wp-content\/uploads\/2025\/01\/Bandeau-bois-300x52.jpg 300w, https:\/\/atelierfilippini.com\/wordpress\/wp-content\/uploads\/2025\/01\/Bandeau-bois-768x133.jpg 768w, https:\/\/atelierfilippini.com\/wordpress\/wp-content\/uploads\/2025\/01\/Bandeau-bois-1536x266.jpg 1536w, https:\/\/atelierfilippini.com\/wordpress\/wp-content\/uploads\/2025\/01\/Bandeau-bois-2048x354.jpg 2048w, https:\/\/atelierfilippini.com\/wordpress\/wp-content\/uploads\/2025\/01\/Bandeau-bois-24x4.jpg 24w, https:\/\/atelierfilippini.com\/wordpress\/wp-content\/uploads\/2025\/01\/Bandeau-bois-36x6.jpg 36w, https:\/\/atelierfilippini.com\/wordpress\/wp-content\/uploads\/2025\/01\/Bandeau-bois-48x8.jpg 48w\" sizes=\"auto, (max-width: 1024px) 100vw, 1024px\" \/><\/figure>\n\n\n\n<h2 class=\"wp-block-heading\">ADN ENVIRONNEMENTAL<\/h2>\n\n\n\n<p><\/p>\n\n\n\n<p><\/p>\n\n\n\n<p>Notre d\u00e9marche <strong>environnementale<\/strong> av\u00e9r\u00e9e depuis des <strong>d\u00e9cennies<\/strong> remonte \u00e0 nos \u00e9tudes sp\u00e9cifiques sur le solaire passif et la ventilation naturelle des exp\u00e9riences am\u00e9ricaines et europ\u00e9ennes d\u00e9velopp\u00e9es dans les ann\u00e9es 70\u2032.<\/p>\n\n\n\n<p>Elle se base sur l\u2019envie de construire des b\u00e2timents <strong>performants<\/strong> et <strong>durables<\/strong> en conception <strong>bioclimatique<\/strong> le tout en symbiose avec la situation g\u00e9ographique et les \u00e9l\u00e9ments <strong>naturels<\/strong> du lieu. Pour cela nous travaillons sur l\u2019optimisation du projet, sur des <strong>choix constructifs r\u00e9fl\u00e9chis<\/strong> avec des mat\u00e9riaux ad\u00e9quats et tant que possible <strong>biosourc\u00e9s, g\u00e9osourc\u00e9s<\/strong> ou <strong>peu transform\u00e9s.<\/strong><\/p>\n\n\n\n<p>Nos valeurs <strong>\u00e9cologiques<\/strong> nous am\u00e8nent \u00e0 d\u00e9velopper nos recherches sur le <strong>confort<\/strong> des b\u00e2timents pour ses occupants, aussi bien dans <strong>l\u2019usage<\/strong> par son fonctionnement. Que par la <strong>qualit\u00e9 de l\u2019air<\/strong> gr\u00e2ce \u00e0 la <strong>ventilation naturelle<\/strong> ou double flux et l\u2019utilisation de <strong>mat\u00e9riaux sains<\/strong>, la mise en valeur de la <strong>lumi\u00e8re naturelle<\/strong> et l\u2019efficacit\u00e9 \u00e9nerg\u00e9tique et thermique \u00e0 toutes saisons.<\/p>\n\n\n\n<p>Afin de r\u00e9duire <strong>l\u2019impact environnemental<\/strong> de nos projets nous proposons syst\u00e9matiquement une analyse des mat\u00e9riaux pouvant \u00eatre r\u00e9employ\u00e9s lorsque l\u2019op\u00e9ration comprend une d\u00e9molition. Nous recherchons \u00e9galement toujours des <strong>circuits courts<\/strong> pour leur provenance afin de favoriser <strong>l\u2019\u00e9conomie circulaire.<\/strong><\/p>\n\n\n\n<p>Pour r\u00e9pondre \u00e0 ses enjeux notre \u00e9quipe reste en \u00e9veil aussi bien sur les <strong>savoir-faire traditionnels<\/strong> que sur les derni\u00e8res innovations tout en se formant de mani\u00e8re continue.<\/p>\n\n\n\n<p><strong>L\u2019\u00e9cologie<\/strong> dans l\u2019architecture comprend \u00e9videmment la <strong>nature<\/strong> et donc les paysages auxquels nous sommes tr\u00e8s attach\u00e9s. Les am\u00e9nagements ext\u00e9rieurs contribuent aux <strong>ambiances<\/strong> et font partie int\u00e9grante d\u2019une \u00e9criture spatiale. C\u2019est dans ce souci d\u2019<strong>harmonie <\/strong>entre int\u00e9rieur et ext\u00e9rieur que nous \u00e9tudions chaque projet dans une <strong>globalit\u00e9<\/strong> et que nous proposons notre savoir-faire \u00e9galement dans le domaine de <strong>l\u2019am\u00e9nagement paysager.<\/strong><\/p>\n<\/div>\n\n\n\n<div class=\"wp-block-column is-layout-flow wp-block-column-is-layout-flow\" style=\"flex-basis:33.33%\">\n<p><\/p>\n\n\n\n<h2 class=\"wp-block-heading\">DOMAINES D&#8217;INTERVENTION<\/h2>\n\n\n\n<p><\/p>\n\n\n\n<p><\/p>\n\n\n\n<p>\u2013 R\u00e9habilitation du patrimoine architectural<\/p>\n\n\n\n<p>\u2013 Administration<\/p>\n\n\n\n<p>\u2013 Lieu Culturel<\/p>\n\n\n\n<p>\u2013 \u00c9tablissement d\u2019Enseignement<\/p>\n\n\n\n<p>\u2013 Petite Enfance<\/p>\n\n\n\n<p>\u2013 Logements collectif et priv\u00e9s<\/p>\n\n\n\n<p>\u2013 Centre Sportif<\/p>\n\n\n\n<p>\u2013 Commerce et March\u00e9<\/p>\n\n\n\n<p>\u2013 Am\u00e9nagements Urbains et Paysager<\/p>\n\n\n\n<div style=\"height:163px\" aria-hidden=\"true\" class=\"wp-block-spacer\"><\/div>\n\n\n\n<h2 class=\"wp-block-heading\">FORMATIONS<\/h2>\n\n\n\n<p><\/p>\n\n\n\n<p><\/p>\n\n\n\n<p>-Patrimoine Architectural<\/p>\n\n\n\n<p>-Structure Constructive<\/p>\n\n\n\n<p>-Technique Constructive Bois<\/p>\n\n\n\n<p>-R\u00e9habilitation Durable<\/p>\n\n\n\n<p>-R\u00e9habilitation \u00c9nerg\u00e9tique Responsable<\/p>\n\n\n\n<p>-PRO-Paille<\/p>\n\n\n\n<p>-Construire en Fibres V\u00e9g\u00e9tales<\/p>\n\n\n\n<p>-Construire en Terre Crue<\/p>\n\n\n\n<p>-\u00c9conomie Circulaire<\/p>\n\n\n\n<p>-BIM niveau 2<\/p>\n\n\n\n<p>-OPC<\/p>\n\n\n\n<ul class=\"wp-block-list\">\n<li><\/li>\n<\/ul>\n<\/div>\n<\/div>\n\n\n\n<!--more-->\n\n\n\n<p><\/p>\n","protected":false},"excerpt":{"rendered":"<p>HISTOIRE Cr\u00e9\u00e9 dans les ann\u00e9es 90\u2019, l\u2019Atelier Filippini Architecture et Patrimoine d\u00e9marre son activit\u00e9 en Italie dans le domaine de <\/p>\n","protected":false},"author":2,"featured_media":0,"parent":0,"menu_order":0,"comment_status":"closed","ping_status":"closed","template":"","meta":{"footnotes":""},"class_list":["post-5755","page","type-page","status-publish","hentry"],"_links":{"self":[{"href":"https:\/\/atelierfilippini.com\/index.php?rest_route=\/wp\/v2\/pages\/5755","targetHints":{"allow":["GET"]}}],"collection":[{"href":"https:\/\/atelierfilippini.com\/index.php?rest_route=\/wp\/v2\/pages"}],"about":[{"href":"https:\/\/atelierfilippini.com\/index.php?rest_route=\/wp\/v2\/types\/page"}],"author":[{"embeddable":true,"href":"https:\/\/atelierfilippini.com\/index.php?rest_route=\/wp\/v2\/users\/2"}],"replies":[{"embeddable":true,"href":"https:\/\/atelierfilippini.com\/index.php?rest_route=%2Fwp%2Fv2%2Fcomments&post=5755"}],"version-history":[{"count":70,"href":"https:\/\/atelierfilippini.com\/index.php?rest_route=\/wp\/v2\/pages\/5755\/revisions"}],"predecessor-version":[{"id":6084,"href":"https:\/\/atelierfilippini.com\/index.php?rest_route=\/wp\/v2\/pages\/5755\/revisions\/6084"}],"wp:attachment":[{"href":"https:\/\/atelierfilippini.com\/index.php?rest_route=%2Fwp%2Fv2%2Fmedia&parent=5755"}],"curies":[{"name":"wp","href":"https:\/\/api.w.org\/{rel}","templated":true}]}}