{"id":83,"date":"2014-05-11T18:55:17","date_gmt":"2014-05-11T17:55:17","guid":{"rendered":"http:\/\/atelierfilippini.com\/wordpress\/?page_id=83"},"modified":"2017-05-24T18:00:43","modified_gmt":"2017-05-24T17:00:43","slug":"philosophie","status":"publish","type":"page","link":"https:\/\/atelierfilippini.com\/?page_id=83","title":{"rendered":"Philosophie"},"content":{"rendered":"<div class=\"wpb_row row-fluid\">\n\t<div class=\"span8 wpb_column column_container\">\n\t\t<div class=\"wpb_wrapper\">\n\t\t\t\n\t<div class=\"wpb_text_column wpb_content_element \">\n\t\t<div class=\"wpb_wrapper\">\n\t\t\t\n<p>&nbsp;<\/p>\n<p style=\"text-align: left;\"><strong>PHILOSOPHIE PAR MOTS CLEFS<\/strong><\/p>\n<p><strong>Atelier d&#8217;architecture &#8211; Agence \u00e0 dimension humaine<\/strong><\/p>\n<p>L&#8217;\u00e9quipe est pluridisciplinaire, exp\u00e9riment\u00e9e et en dialogue constant avec des partenaires privil\u00e9gi\u00e9s. Elle s&#8217;impose\u00a0 pour l\u2019\u00e9laboration de projets principalement ax\u00e9s sur la probl\u00e9matique de l\u2019h\u00e9ritage patrimonial, de sa requalification et extension.<\/p>\n<p><strong>Travail artisanal et qualit\u00e9<\/strong><\/p>\n<p>Attach\u00e9 au travail soign\u00e9 et au traitement singulier des op\u00e9rations, le suivi direct de toutes les phases du projet par l\u2019\u00e9quipe assure la qualit\u00e9 des ouvrages.<\/p>\n<p>L\u2019absence de sous-traitance permet une meilleure ma\u00eetrise du projet et fait de l\u2019agence l\u2019interlocuteur privil\u00e9gi\u00e9 tout au long de l\u2019\u00e9laboration du projet et du suivi de chantier.<\/p>\n<p><strong>Technicit\u00e9 et sensibilit\u00e9<br \/>\n<\/strong><\/p>\n<p>De formation ing\u00e9nieur et architecte, fort d\u2019une exp\u00e9rience de plus de vingt ans dans la relation entre architecture et patrimoine, Renato Filippini a su acqu\u00e9rir les comp\u00e9tences et la sensibilit\u00e9 n\u00e9cessaires \u00e0 la r\u00e9alisation d\u2019une vari\u00e9t\u00e9 d\u2019ouvrages.<\/p>\n<p><strong>D\u00e9tails<\/strong><\/p>\n<p>Au cours des ann\u00e9es, l&#8217;Atelier Filippini a dessin\u00e9 plusieurs objets produits par des soci\u00e9t\u00e9s italiennes de design industriels, allant du mobilier jusqu\u2019aux lampes et aux meubles en carton.<\/p>\n<p>La connaissance des principes de la production industrielle et la ma\u00eetrise des d\u00e9tails de construction nous a toujours facilit\u00e9 l\u2019\u00e9tude des finitions des ouvrages architecturales.<\/p>\n<p>De la m\u00eame mani\u00e8re, le travail sur les sc\u00e9nographies mus\u00e9ales nous a permis de d\u00e9velopper une approche singuli\u00e8re et tr\u00e8s personnelle de la \u00ab mise en sc\u00e8ne \u00bb des diff\u00e9rents \u00e9l\u00e9ments et parties de la construction.<\/p>\n<p><strong>Programmes et attentes<\/strong><\/p>\n<p>Le vrai d\u00e9fi pour notre agence n&#8217;est pas seulement de r\u00e9pondre \u00e0 tous les besoins exprim\u00e9s dans le cahier des charges mais au del\u00e0, de sugg\u00e9rer des ouvertures, de\u00a0proposer des am\u00e9liorations et de b\u00e2tir un ouvrage d\u00e9passant les attentes du client.<\/p>\n\n\t\t<\/div> \n\t<\/div> <div class=\"td_block_wrap td_text_with_title \"><div class=\"block-title\"><span><\/span><\/div><div class=\"td_block_inner\">\n<\/div><\/div>\n\t\t<\/div> \n\t<\/div> \n\n\t<div class=\"span4 wpb_column column_container\">\n\t\t<div class=\"wpb_wrapper\">\n\t\t\t\n\t\t<\/div> \n\t<\/div> \n<\/div>\n","protected":false},"excerpt":{"rendered":"&nbsp; PHILOSOPHIE PAR MOTS CLEFS Atelier d'architecture - Agence \u00e0 dimension humaine L'\u00e9quipe est pluridisciplinaire, exp\u00e9riment\u00e9e et en dialogue constant ","protected":false},"author":1,"featured_media":0,"parent":0,"menu_order":0,"comment_status":"open","ping_status":"open","template":"","meta":{"footnotes":""},"class_list":["post-83","page","type-page","status-publish","hentry"],"_links":{"self":[{"href":"https:\/\/atelierfilippini.com\/index.php?rest_route=\/wp\/v2\/pages\/83","targetHints":{"allow":["GET"]}}],"collection":[{"href":"https:\/\/atelierfilippini.com\/index.php?rest_route=\/wp\/v2\/pages"}],"about":[{"href":"https:\/\/atelierfilippini.com\/index.php?rest_route=\/wp\/v2\/types\/page"}],"author":[{"embeddable":true,"href":"https:\/\/atelierfilippini.com\/index.php?rest_route=\/wp\/v2\/users\/1"}],"replies":[{"embeddable":true,"href":"https:\/\/atelierfilippini.com\/index.php?rest_route=%2Fwp%2Fv2%2Fcomments&post=83"}],"version-history":[{"count":15,"href":"https:\/\/atelierfilippini.com\/index.php?rest_route=\/wp\/v2\/pages\/83\/revisions"}],"predecessor-version":[{"id":4916,"href":"https:\/\/atelierfilippini.com\/index.php?rest_route=\/wp\/v2\/pages\/83\/revisions\/4916"}],"wp:attachment":[{"href":"https:\/\/atelierfilippini.com\/index.php?rest_route=%2Fwp%2Fv2%2Fmedia&parent=83"}],"curies":[{"name":"wp","href":"https:\/\/api.w.org\/{rel}","templated":true}]}}